{"id":4139,"date":"2020-10-13T10:27:40","date_gmt":"2020-10-13T10:27:40","guid":{"rendered":"http:\/\/ninzio.com\/quper\/?page_id=4139"},"modified":"2022-10-14T15:20:40","modified_gmt":"2022-10-14T15:20:40","slug":"projelerimiz","status":"publish","type":"page","link":"https:\/\/bursazeminteknolojileri.com\/index.php\/projelerimiz\/","title":{"rendered":"Projelerimiz"},"content":{"rendered":"\t\t<div data-elementor-type=\"wp-page\" data-elementor-id=\"4139\" class=\"elementor elementor-4139\">\n\t\t\t\t\t\t\t\t\t<section class=\"elementor-section elementor-top-section elementor-element elementor-element-c2ae715 elementor-section-boxed elementor-section-height-default elementor-section-height-default\" data-id=\"c2ae715\" data-element_type=\"section\">\n\t\t\t\t\t\t<div class=\"elementor-container elementor-column-gap-default\">\n\t\t\t\t\t<div class=\"elementor-column elementor-col-100 elementor-top-column elementor-element elementor-element-a732427\" data-id=\"a732427\" data-element_type=\"column\">\n\t\t\t<div class=\"elementor-widget-wrap elementor-element-populated\">\n\t\t\t\t\t\t\t\t<div class=\"elementor-element elementor-element-874affc project-style-1 elementor-widget elementor-widget-mae-project-grid\" data-id=\"874affc\" data-element_type=\"widget\" data-widget_type=\"mae-project-grid.default\">\n\t\t\t\t<div class=\"elementor-widget-container\">\n\t\t\t\n        <div class=\"master-portfolio mlr-1663614101\" data-config='{\"columns\":\"2,2,1,1\",\"gapHorizontal\":30,\"gapVertical\":30,\"layoutMode\":\"grid\"}'>\n            \n            <div class=\"galleries cbp\">\n                                    \n                        <div class=\"cbp-item \">\n                            <div class=\"master-project\">\n                                <div class=\"thumb\" style=\"background-image:url(https:\/\/bursazeminteknolojileri.com\/wp-content\/uploads\/2023\/09\/Gbc-baska-bademli-1-100.jpg)\"><img loading=\"lazy\" decoding=\"async\" width=\"670\" height=\"470\" src=\"https:\/\/bursazeminteknolojileri.com\/wp-content\/uploads\/2023\/09\/Gbc-baska-bademli-1-100.jpg\" class=\"attachment-full size-full wp-post-image\" alt=\"\" srcset=\"https:\/\/bursazeminteknolojileri.com\/wp-content\/uploads\/2023\/09\/Gbc-baska-bademli-1-100.jpg 670w, https:\/\/bursazeminteknolojileri.com\/wp-content\/uploads\/2023\/09\/Gbc-baska-bademli-1-100-300x210.jpg 300w, https:\/\/bursazeminteknolojileri.com\/wp-content\/uploads\/2023\/09\/Gbc-baska-bademli-1-100-600x421.jpg 600w\" sizes=\"auto, (max-width: 670px) 100vw, 670px\" \/><\/div><div class=\"content-wrap\"><h3 class=\"headline-2\"><a href=\"https:\/\/bursazeminteknolojileri.com\/index.php\/project\/gbc-insaat-baska-bademli-iksa-zemin-iyilestirme\/\">GBC \u0130n\u015faat Ba\u015fka Bademli \u0130ksa &#038; Zemin \u0130yile\u015ftirme<\/a><\/h3>            <div class=\"url-wrap\">\n                <a class=\"master-link  icon-right\" href=\"https:\/\/bursazeminteknolojileri.com\/index.php\/project\/gbc-insaat-baska-bademli-iksa-zemin-iyilestirme\/\">\n                                        <span>Daha Fazla<\/span>\n                    <span class=\"icon fa fa-arrow-right\"><\/span>                <\/a>\n            <\/div>\n\n            <\/div>                            <\/div>\n                        <\/div>\n                    \n                        <div class=\"cbp-item \">\n                            <div class=\"master-project\">\n                                <div class=\"thumb\" style=\"background-image:url(https:\/\/bursazeminteknolojileri.com\/wp-content\/uploads\/2023\/09\/resim_2023-09-21_165924761.png)\"><img loading=\"lazy\" decoding=\"async\" width=\"2661\" height=\"2673\" src=\"https:\/\/bursazeminteknolojileri.com\/wp-content\/uploads\/2023\/09\/resim_2023-09-21_165924761.png\" class=\"attachment-full size-full wp-post-image\" alt=\"\" srcset=\"https:\/\/bursazeminteknolojileri.com\/wp-content\/uploads\/2023\/09\/resim_2023-09-21_165924761.png 2661w, https:\/\/bursazeminteknolojileri.com\/wp-content\/uploads\/2023\/09\/resim_2023-09-21_165924761-300x300.png 300w, https:\/\/bursazeminteknolojileri.com\/wp-content\/uploads\/2023\/09\/resim_2023-09-21_165924761-1019x1024.png 1019w, https:\/\/bursazeminteknolojileri.com\/wp-content\/uploads\/2023\/09\/resim_2023-09-21_165924761-150x150.png 150w, https:\/\/bursazeminteknolojileri.com\/wp-content\/uploads\/2023\/09\/resim_2023-09-21_165924761-768x771.png 768w, https:\/\/bursazeminteknolojileri.com\/wp-content\/uploads\/2023\/09\/resim_2023-09-21_165924761-1529x1536.png 1529w, https:\/\/bursazeminteknolojileri.com\/wp-content\/uploads\/2023\/09\/resim_2023-09-21_165924761-2039x2048.png 2039w, https:\/\/bursazeminteknolojileri.com\/wp-content\/uploads\/2023\/09\/resim_2023-09-21_165924761-170x170.png 170w, https:\/\/bursazeminteknolojileri.com\/wp-content\/uploads\/2023\/09\/resim_2023-09-21_165924761-600x603.png 600w, https:\/\/bursazeminteknolojileri.com\/wp-content\/uploads\/2023\/09\/resim_2023-09-21_165924761-100x100.png 100w\" sizes=\"auto, (max-width: 2661px) 100vw, 2661px\" \/><\/div><div class=\"content-wrap\"><h3 class=\"headline-2\"><a href=\"https:\/\/bursazeminteknolojileri.com\/index.php\/project\/katsan-mimarlik-zemin-iyilestirme\/\">Katsan Mimarl\u0131k Zemin \u0130yile\u015ftirme<\/a><\/h3>            <div class=\"url-wrap\">\n                <a class=\"master-link  icon-right\" href=\"https:\/\/bursazeminteknolojileri.com\/index.php\/project\/katsan-mimarlik-zemin-iyilestirme\/\">\n                                        <span>Daha Fazla<\/span>\n                    <span class=\"icon fa fa-arrow-right\"><\/span>                <\/a>\n            <\/div>\n\n            <\/div>                            <\/div>\n                        <\/div>\n                    \n                        <div class=\"cbp-item \">\n                            <div class=\"master-project\">\n                                <div class=\"thumb\" style=\"background-image:url(https:\/\/bursazeminteknolojileri.com\/wp-content\/uploads\/2023\/10\/sahlan-yapi2-100.jpg)\"><img loading=\"lazy\" decoding=\"async\" width=\"670\" height=\"470\" src=\"https:\/\/bursazeminteknolojileri.com\/wp-content\/uploads\/2023\/10\/sahlan-yapi2-100.jpg\" class=\"attachment-full size-full wp-post-image\" alt=\"\" srcset=\"https:\/\/bursazeminteknolojileri.com\/wp-content\/uploads\/2023\/10\/sahlan-yapi2-100.jpg 670w, https:\/\/bursazeminteknolojileri.com\/wp-content\/uploads\/2023\/10\/sahlan-yapi2-100-300x210.jpg 300w, https:\/\/bursazeminteknolojileri.com\/wp-content\/uploads\/2023\/10\/sahlan-yapi2-100-600x421.jpg 600w\" sizes=\"auto, (max-width: 670px) 100vw, 670px\" \/><\/div><div class=\"content-wrap\"><h3 class=\"headline-2\"><a href=\"https:\/\/bursazeminteknolojileri.com\/index.php\/project\/5473\/\">\u015eahlan Yap\u0131 Nil\u00fcfer Emniyet M\u00fcd\u00fcrl\u00fc\u011f\u00fc Zemin \u0130yile\u015ftirme<\/a><\/h3>            <div class=\"url-wrap\">\n                <a class=\"master-link  icon-right\" href=\"https:\/\/bursazeminteknolojileri.com\/index.php\/project\/5473\/\">\n                                        <span>Daha Fazla<\/span>\n                    <span class=\"icon fa fa-arrow-right\"><\/span>                <\/a>\n            <\/div>\n\n            <\/div>                            <\/div>\n                        <\/div>\n                    \n                        <div class=\"cbp-item \">\n                            <div class=\"master-project\">\n                                <div class=\"thumb\" style=\"background-image:url(https:\/\/bursazeminteknolojileri.com\/wp-content\/uploads\/2023\/10\/Alattinbey-Detay-1-100.jpg)\"><img loading=\"lazy\" decoding=\"async\" width=\"670\" height=\"470\" src=\"https:\/\/bursazeminteknolojileri.com\/wp-content\/uploads\/2023\/10\/Alattinbey-Detay-1-100.jpg\" class=\"attachment-full size-full wp-post-image\" alt=\"\" srcset=\"https:\/\/bursazeminteknolojileri.com\/wp-content\/uploads\/2023\/10\/Alattinbey-Detay-1-100.jpg 670w, https:\/\/bursazeminteknolojileri.com\/wp-content\/uploads\/2023\/10\/Alattinbey-Detay-1-100-300x210.jpg 300w, https:\/\/bursazeminteknolojileri.com\/wp-content\/uploads\/2023\/10\/Alattinbey-Detay-1-100-600x421.jpg 600w\" sizes=\"auto, (max-width: 670px) 100vw, 670px\" \/><\/div><div class=\"content-wrap\"><h3 class=\"headline-2\"><a href=\"https:\/\/bursazeminteknolojileri.com\/index.php\/project\/detay-insaat-alattinbey-zemin-iyilestirme\/\">Detay \u0130n\u015faat Alaaddinbey Zemin \u0130yile\u015ftirme<\/a><\/h3>            <div class=\"url-wrap\">\n                <a class=\"master-link  icon-right\" href=\"https:\/\/bursazeminteknolojileri.com\/index.php\/project\/detay-insaat-alattinbey-zemin-iyilestirme\/\">\n                                        <span>Daha Fazla<\/span>\n                    <span class=\"icon fa fa-arrow-right\"><\/span>                <\/a>\n            <\/div>\n\n            <\/div>                            <\/div>\n                        <\/div>\n                    \n                        <div class=\"cbp-item \">\n                            <div class=\"master-project\">\n                                <div class=\"thumb\" style=\"background-image:url(https:\/\/bursazeminteknolojileri.com\/wp-content\/uploads\/2023\/10\/sinta2-100.jpg)\"><img loading=\"lazy\" decoding=\"async\" width=\"670\" height=\"470\" src=\"https:\/\/bursazeminteknolojileri.com\/wp-content\/uploads\/2023\/10\/sinta2-100.jpg\" class=\"attachment-full size-full wp-post-image\" alt=\"\" srcset=\"https:\/\/bursazeminteknolojileri.com\/wp-content\/uploads\/2023\/10\/sinta2-100.jpg 670w, https:\/\/bursazeminteknolojileri.com\/wp-content\/uploads\/2023\/10\/sinta2-100-300x210.jpg 300w, https:\/\/bursazeminteknolojileri.com\/wp-content\/uploads\/2023\/10\/sinta2-100-600x421.jpg 600w\" sizes=\"auto, (max-width: 670px) 100vw, 670px\" \/><\/div><div class=\"content-wrap\"><h3 class=\"headline-2\"><a href=\"https:\/\/bursazeminteknolojileri.com\/index.php\/project\/sinta-sazcilar-zemin-iyilestirme\/\">Sinta Sazc\u0131lar Zemin \u0130yile\u015ftirme<\/a><\/h3>            <div class=\"url-wrap\">\n                <a class=\"master-link  icon-right\" href=\"https:\/\/bursazeminteknolojileri.com\/index.php\/project\/sinta-sazcilar-zemin-iyilestirme\/\">\n                                        <span>Daha Fazla<\/span>\n                    <span class=\"icon fa fa-arrow-right\"><\/span>                <\/a>\n            <\/div>\n\n            <\/div>                            <\/div>\n                        <\/div>\n                    \n                        <div class=\"cbp-item \">\n                            <div class=\"master-project\">\n                                <div class=\"thumb\" style=\"background-image:url(https:\/\/bursazeminteknolojileri.com\/wp-content\/uploads\/2023\/09\/Bize-Proje-Gelistirme-1-100.jpg)\"><img loading=\"lazy\" decoding=\"async\" width=\"670\" height=\"470\" src=\"https:\/\/bursazeminteknolojileri.com\/wp-content\/uploads\/2023\/09\/Bize-Proje-Gelistirme-1-100.jpg\" class=\"attachment-full size-full wp-post-image\" alt=\"\" srcset=\"https:\/\/bursazeminteknolojileri.com\/wp-content\/uploads\/2023\/09\/Bize-Proje-Gelistirme-1-100.jpg 670w, https:\/\/bursazeminteknolojileri.com\/wp-content\/uploads\/2023\/09\/Bize-Proje-Gelistirme-1-100-300x210.jpg 300w, https:\/\/bursazeminteknolojileri.com\/wp-content\/uploads\/2023\/09\/Bize-Proje-Gelistirme-1-100-600x421.jpg 600w\" sizes=\"auto, (max-width: 670px) 100vw, 670px\" \/><\/div><div class=\"content-wrap\"><h3 class=\"headline-2\"><a href=\"https:\/\/bursazeminteknolojileri.com\/index.php\/project\/5469\/\">Bize Proje Geli\u015ftirme Rollmech \u0130ksa Uygulamas\u0131<\/a><\/h3>            <div class=\"url-wrap\">\n                <a class=\"master-link  icon-right\" href=\"https:\/\/bursazeminteknolojileri.com\/index.php\/project\/5469\/\">\n                                        <span>Daha Fazla<\/span>\n                    <span class=\"icon fa fa-arrow-right\"><\/span>                <\/a>\n            <\/div>\n\n            <\/div>                            <\/div>\n                        <\/div>\n                    \n                        <div class=\"cbp-item \">\n                            <div class=\"master-project\">\n                                <div class=\"thumb\" style=\"background-image:url(https:\/\/bursazeminteknolojileri.com\/wp-content\/uploads\/2023\/10\/Kaplanlar-Sogutma-Teknosab-1-100.jpg)\"><img loading=\"lazy\" decoding=\"async\" width=\"670\" height=\"470\" src=\"https:\/\/bursazeminteknolojileri.com\/wp-content\/uploads\/2023\/10\/Kaplanlar-Sogutma-Teknosab-1-100.jpg\" class=\"attachment-full size-full wp-post-image\" alt=\"\" srcset=\"https:\/\/bursazeminteknolojileri.com\/wp-content\/uploads\/2023\/10\/Kaplanlar-Sogutma-Teknosab-1-100.jpg 670w, https:\/\/bursazeminteknolojileri.com\/wp-content\/uploads\/2023\/10\/Kaplanlar-Sogutma-Teknosab-1-100-300x210.jpg 300w, https:\/\/bursazeminteknolojileri.com\/wp-content\/uploads\/2023\/10\/Kaplanlar-Sogutma-Teknosab-1-100-600x421.jpg 600w\" sizes=\"auto, (max-width: 670px) 100vw, 670px\" \/><\/div><div class=\"content-wrap\"><h3 class=\"headline-2\"><a href=\"https:\/\/bursazeminteknolojileri.com\/index.php\/project\/kaplanlar-iksa-zemin-iyilestirme\/\">Kaplanlar \u0130ksa &#038; Zemin \u0130yile\u015ftirme<\/a><\/h3>            <div class=\"url-wrap\">\n                <a class=\"master-link  icon-right\" href=\"https:\/\/bursazeminteknolojileri.com\/index.php\/project\/kaplanlar-iksa-zemin-iyilestirme\/\">\n                                        <span>Daha Fazla<\/span>\n                    <span class=\"icon fa fa-arrow-right\"><\/span>                <\/a>\n            <\/div>\n\n            <\/div>                            <\/div>\n                        <\/div>\n                    \n                        <div class=\"cbp-item \">\n                            <div class=\"master-project\">\n                                <div class=\"thumb\" style=\"background-image:url(https:\/\/bursazeminteknolojileri.com\/wp-content\/uploads\/2023\/10\/Ozdilek1-100.jpg)\"><img loading=\"lazy\" decoding=\"async\" width=\"670\" height=\"470\" src=\"https:\/\/bursazeminteknolojileri.com\/wp-content\/uploads\/2023\/10\/Ozdilek1-100.jpg\" class=\"attachment-full size-full wp-post-image\" alt=\"\" srcset=\"https:\/\/bursazeminteknolojileri.com\/wp-content\/uploads\/2023\/10\/Ozdilek1-100.jpg 670w, https:\/\/bursazeminteknolojileri.com\/wp-content\/uploads\/2023\/10\/Ozdilek1-100-300x210.jpg 300w, https:\/\/bursazeminteknolojileri.com\/wp-content\/uploads\/2023\/10\/Ozdilek1-100-600x421.jpg 600w\" sizes=\"auto, (max-width: 670px) 100vw, 670px\" \/><\/div><div class=\"content-wrap\"><h3 class=\"headline-2\"><a href=\"https:\/\/bursazeminteknolojileri.com\/index.php\/project\/ozdilek-konut-iksa\/\">\u00d6zdilek Konut \u0130ksa<\/a><\/h3>            <div class=\"url-wrap\">\n                <a class=\"master-link  icon-right\" href=\"https:\/\/bursazeminteknolojileri.com\/index.php\/project\/ozdilek-konut-iksa\/\">\n                                        <span>Daha Fazla<\/span>\n                    <span class=\"icon fa fa-arrow-right\"><\/span>                <\/a>\n            <\/div>\n\n            <\/div>                            <\/div>\n                        <\/div>\n                                <\/div><!-- galleries -->\n        <\/div><!-- master-portfolio -->\n\n        <div class=\"project-nav\"><div class=\"quper-pagination clearfix\"><ul class='page-numbers'>\n\t<li><span aria-current=\"page\" class=\"page-numbers current\">1<\/span><\/li>\n\t<li><a class=\"page-numbers\" href=\"https:\/\/bursazeminteknolojileri.com\/index.php\/wp-json\/wp\/v2\/pages\/4139\/page\/2\/\">2<\/a><\/li>\n\t<li><a class=\"next page-numbers\" href=\"https:\/\/bursazeminteknolojileri.com\/index.php\/wp-json\/wp\/v2\/pages\/4139\/page\/2\/\"><i class=\"elegant-arrow_carrot-right\"><\/i><\/a><\/li>\n<\/ul>\n<\/div><\/div>\n        \t\t<\/div>\n\t\t\t\t<\/div>\n\t\t\t\t\t<\/div>\n\t\t<\/div>\n\t\t\t\t\t\t\t<\/div>\n\t\t<\/section>\n\t\t\t\t\t\t\t<\/div>\n\t\t","protected":false},"excerpt":{"rendered":"<p>Building Construction of building in French Paris Daha Fazla Installation Installation of solar panels for a multi-family home Daha Fazla Making Manufacture of bedroom furniture Daha Fazla Home 15 Construction of a shopping center in Toronto Daha Fazla Architecture Modern and equipped house construction Daha Fazla<\/p>\n","protected":false},"author":1,"featured_media":0,"parent":0,"menu_order":0,"comment_status":"closed","ping_status":"closed","template":"","meta":{"footnotes":""},"class_list":["post-4139","page","type-page","status-publish","hentry"],"_links":{"self":[{"href":"https:\/\/bursazeminteknolojileri.com\/index.php\/wp-json\/wp\/v2\/pages\/4139","targetHints":{"allow":["GET"]}}],"collection":[{"href":"https:\/\/bursazeminteknolojileri.com\/index.php\/wp-json\/wp\/v2\/pages"}],"about":[{"href":"https:\/\/bursazeminteknolojileri.com\/index.php\/wp-json\/wp\/v2\/types\/page"}],"author":[{"embeddable":true,"href":"https:\/\/bursazeminteknolojileri.com\/index.php\/wp-json\/wp\/v2\/users\/1"}],"replies":[{"embeddable":true,"href":"https:\/\/bursazeminteknolojileri.com\/index.php\/wp-json\/wp\/v2\/comments?post=4139"}],"version-history":[{"count":8,"href":"https:\/\/bursazeminteknolojileri.com\/index.php\/wp-json\/wp\/v2\/pages\/4139\/revisions"}],"predecessor-version":[{"id":5110,"href":"https:\/\/bursazeminteknolojileri.com\/index.php\/wp-json\/wp\/v2\/pages\/4139\/revisions\/5110"}],"wp:attachment":[{"href":"https:\/\/bursazeminteknolojileri.com\/index.php\/wp-json\/wp\/v2\/media?parent=4139"}],"curies":[{"name":"wp","href":"https:\/\/api.w.org\/{rel}","templated":true}]}}