{"id":3999,"date":"2020-10-13T04:01:47","date_gmt":"2020-10-13T04:01:47","guid":{"rendered":"http:\/\/ninzio.com\/quper\/?page_id=3999"},"modified":"2022-11-07T10:57:09","modified_gmt":"2022-11-07T10:57:09","slug":"kurumsal","status":"publish","type":"page","link":"https:\/\/bursazeminteknolojileri.com\/index.php\/kurumsal\/","title":{"rendered":"Kurumsal"},"content":{"rendered":"\t\t<div data-elementor-type=\"wp-page\" data-elementor-id=\"3999\" class=\"elementor elementor-3999\">\n\t\t\t\t\t\t\t\t\t<section class=\"elementor-section elementor-top-section elementor-element elementor-element-45aedb5 elementor-section-boxed elementor-section-height-default elementor-section-height-default\" data-id=\"45aedb5\" data-element_type=\"section\">\n\t\t\t\t\t\t<div class=\"elementor-container elementor-column-gap-default\">\n\t\t\t\t\t<div class=\"elementor-column elementor-col-100 elementor-top-column elementor-element elementor-element-16ece4b\" data-id=\"16ece4b\" data-element_type=\"column\">\n\t\t\t<div class=\"elementor-widget-wrap elementor-element-populated\">\n\t\t\t\t\t\t\t\t<div class=\"elementor-element elementor-element-c181b3b elementor-widget elementor-widget-spacer\" data-id=\"c181b3b\" data-element_type=\"widget\" data-widget_type=\"spacer.default\">\n\t\t\t\t<div class=\"elementor-widget-container\">\n\t\t\t<style>\/*! elementor - v3.7.8 - 02-10-2022 *\/\n.elementor-column .elementor-spacer-inner{height:var(--spacer-size)}.e-container{--container-widget-width:100%}.e-container>.elementor-widget-spacer{width:var(--container-widget-width,var(--spacer-size));-ms-flex-item-align:stretch;align-self:stretch;-ms-flex-negative:0;flex-shrink:0}.e-container>.elementor-widget-spacer>.elementor-widget-container,.e-container>.elementor-widget-spacer>.elementor-widget-container>.elementor-spacer{height:100%}.e-container>.elementor-widget-spacer>.elementor-widget-container>.elementor-spacer>.elementor-spacer-inner{height:var(--container-widget-height,var(--spacer-size))}<\/style>\t\t<div class=\"elementor-spacer\">\n\t\t\t<div class=\"elementor-spacer-inner\"><\/div>\n\t\t<\/div>\n\t\t\t\t<\/div>\n\t\t\t\t<\/div>\n\t\t\t\t<div class=\"elementor-element elementor-element-41e038a align-center elementor-widget elementor-widget-mae-headings\" data-id=\"41e038a\" data-element_type=\"widget\" data-widget_type=\"mae-headings.default\">\n\t\t\t\t<div class=\"elementor-widget-container\">\n\t\t\t\t\t<div class=\"master-heading\">\n\t        \t            <div class=\"pre-heading\">Kurumsal<\/div>\n\t        \n\t        \t        <h2 class=\"main-heading\">2007 y\u0131l\u0131ndan beri <\/h2>\n\t        \n\t        \n\t        \t            <div class=\"sub-heading\">\u0130n\u015faat sekt\u00f6r\u00fcne jeolojik ve jeoteknik alanlar\u0131nda hizmet veren firmam\u0131z, g\u00fc\u00e7l\u00fc ekipman ve teknik kadrosuyla  \u201czemin ve temel m\u00fchendisli\u011fi problemlerine\u201d \u00e7\u00f6z\u00fcm amac\u0131yla bilgi ve tecr\u00fcbesini birle\u015ftirerek zemin \u0131slah\u0131, derin kaz\u0131-iksa, kaz\u0131kl\u0131 temeller gibi zemin ve temel m\u00fchendisli\u011fi alan\u0131nda \u00e7ok say\u0131da proje ve imalat\u0131 ba\u015far\u0131yla hayata ge\u00e7irmi\u015ftir.<\/div>\n\t        \t    <\/div>\n\t    \t\t<\/div>\n\t\t\t\t<\/div>\n\t\t\t\t\t<\/div>\n\t\t<\/div>\n\t\t\t\t\t\t\t<\/div>\n\t\t<\/section>\n\t\t\t\t<section class=\"elementor-section elementor-top-section elementor-element elementor-element-225bedd elementor-section-boxed elementor-section-height-default elementor-section-height-default\" data-id=\"225bedd\" data-element_type=\"section\">\n\t\t\t\t\t\t<div class=\"elementor-container elementor-column-gap-default\">\n\t\t\t\t\t<div class=\"elementor-column elementor-col-100 elementor-top-column elementor-element elementor-element-5a4d710\" data-id=\"5a4d710\" data-element_type=\"column\">\n\t\t\t<div class=\"elementor-widget-wrap elementor-element-populated\">\n\t\t\t\t\t\t\t\t<div class=\"elementor-element elementor-element-ac6d7be align-left elementor-widget elementor-widget-mae-headings\" data-id=\"ac6d7be\" data-element_type=\"widget\" data-widget_type=\"mae-headings.default\">\n\t\t\t\t<div class=\"elementor-widget-container\">\n\t\t\t\t\t<div class=\"master-heading\">\n\t        \t            <div class=\"pre-heading\">Vizyonumuz Sa\u011flam<\/div>\n\t        \n\t        \t        <h2 class=\"main-heading\"> Misyonumuz B\u00fcy\u00fck<\/h2>\n\t        \n\t        \n\t        \t    <\/div>\n\t    \t\t<\/div>\n\t\t\t\t<\/div>\n\t\t\t\t<div class=\"elementor-element elementor-element-f5f090b elementor-widget elementor-widget-spacer\" data-id=\"f5f090b\" data-element_type=\"widget\" data-widget_type=\"spacer.default\">\n\t\t\t\t<div class=\"elementor-widget-container\">\n\t\t\t\t\t<div class=\"elementor-spacer\">\n\t\t\t<div class=\"elementor-spacer-inner\"><\/div>\n\t\t<\/div>\n\t\t\t\t<\/div>\n\t\t\t\t<\/div>\n\t\t\t\t<section class=\"elementor-section elementor-inner-section elementor-element elementor-element-5980240 elementor-section-boxed elementor-section-height-default elementor-section-height-default\" data-id=\"5980240\" data-element_type=\"section\">\n\t\t\t\t\t\t<div class=\"elementor-container elementor-column-gap-extended\">\n\t\t\t\t\t<div class=\"elementor-column elementor-col-50 elementor-inner-column elementor-element elementor-element-0fc67b4\" data-id=\"0fc67b4\" data-element_type=\"column\">\n\t\t\t<div class=\"elementor-widget-wrap elementor-element-populated\">\n\t\t\t\t\t\t\t\t<div class=\"elementor-element elementor-element-1e89189 elementor-widget elementor-widget-mae-image-box\" data-id=\"1e89189\" data-element_type=\"widget\" data-widget_type=\"mae-image-box.default\">\n\t\t\t\t<div class=\"elementor-widget-container\">\n\t\t\t        <div class=\"master-image-box\">\n            <div class=\"thumb\"><img decoding=\"async\" alt=\"Image\" src=\"https:\/\/bursazeminteknolojileri.com\/wp-content\/uploads\/2022\/10\/kurumsal1-100.jpg\" \/><\/div>\n            <div class=\"content-wrap\">\n                <h3 class=\"headline-2\">Vizyonumuz<\/h3><div class=\"desc\"><p>G\u00fc\u00e7l\u00fc yar\u0131nlara zemin haz\u0131rlamak mottosuyla zemin iyile\u015ftirme ve g\u00fc\u00e7lendirme konular\u0131nda T\u00fcrkiye\u2019nin \u00f6nc\u00fc firmalar\u0131ndan olmak gelecek resmimizi olu\u015fturur.<\/p><\/div>            <div class=\"url-wrap\">\n                <a class=\"master-link  icon-right\" href=\"https:\/\/ninzio.com\/quper\/services\/\" >\n                                        <span><\/span>\n                    <span class=\"icon \"><\/span>                <\/a>\n            <\/div>\n\n                        <\/div>\n        <\/div>\n\n        \t\t<\/div>\n\t\t\t\t<\/div>\n\t\t\t\t\t<\/div>\n\t\t<\/div>\n\t\t\t\t<div class=\"elementor-column elementor-col-50 elementor-inner-column elementor-element elementor-element-6e1420f\" data-id=\"6e1420f\" data-element_type=\"column\">\n\t\t\t<div class=\"elementor-widget-wrap elementor-element-populated\">\n\t\t\t\t\t\t\t\t<div class=\"elementor-element elementor-element-98e32dd elementor-widget elementor-widget-mae-image-box\" data-id=\"98e32dd\" data-element_type=\"widget\" data-widget_type=\"mae-image-box.default\">\n\t\t\t\t<div class=\"elementor-widget-container\">\n\t\t\t        <div class=\"master-image-box\">\n            <div class=\"thumb\"><img decoding=\"async\" alt=\"Image\" src=\"https:\/\/bursazeminteknolojileri.com\/wp-content\/uploads\/2022\/10\/kurumsal2-100.jpg\" \/><\/div>\n            <div class=\"content-wrap\">\n                <h3 class=\"headline-2\">Misyonumuz<\/h3><div class=\"desc\"><p>\u00dcstlendi\u011fimiz projeleri ileri m\u00fchendislik bilgimiz ve finansal g\u00fcc\u00fcm\u00fcz ile y\u00fcksek kalite ve i\u015f g\u00fcvenli\u011fi standarlar\u0131na uygun, taahh\u00fct etti\u011fimiz s\u00fcrede teslim etmek.<\/p><\/div>            <\/div>\n        <\/div>\n\n        \t\t<\/div>\n\t\t\t\t<\/div>\n\t\t\t\t\t<\/div>\n\t\t<\/div>\n\t\t\t\t\t\t\t<\/div>\n\t\t<\/section>\n\t\t\t\t\t<\/div>\n\t\t<\/div>\n\t\t\t\t\t\t\t<\/div>\n\t\t<\/section>\n\t\t\t\t<section class=\"elementor-section elementor-top-section elementor-element elementor-element-a7bc26c elementor-section-boxed elementor-section-height-default elementor-section-height-default\" data-id=\"a7bc26c\" data-element_type=\"section\">\n\t\t\t\t\t\t<div class=\"elementor-container elementor-column-gap-default\">\n\t\t\t\t\t<div class=\"elementor-column elementor-col-100 elementor-top-column elementor-element elementor-element-14fb7fd\" data-id=\"14fb7fd\" data-element_type=\"column\">\n\t\t\t<div class=\"elementor-widget-wrap elementor-element-populated\">\n\t\t\t\t\t\t\t\t<div class=\"elementor-element elementor-element-83f240b elementor-widget elementor-widget-spacer\" data-id=\"83f240b\" data-element_type=\"widget\" data-widget_type=\"spacer.default\">\n\t\t\t\t<div class=\"elementor-widget-container\">\n\t\t\t\t\t<div class=\"elementor-spacer\">\n\t\t\t<div class=\"elementor-spacer-inner\"><\/div>\n\t\t<\/div>\n\t\t\t\t<\/div>\n\t\t\t\t<\/div>\n\t\t\t\t<section class=\"elementor-section elementor-inner-section elementor-element elementor-element-2a1477e elementor-section-content-middle elementor-section-boxed elementor-section-height-default elementor-section-height-default\" data-id=\"2a1477e\" data-element_type=\"section\">\n\t\t\t\t\t\t<div class=\"elementor-container elementor-column-gap-extended\">\n\t\t\t\t\t<div class=\"elementor-column elementor-col-50 elementor-inner-column elementor-element elementor-element-ecf3ea8\" data-id=\"ecf3ea8\" data-element_type=\"column\">\n\t\t\t<div class=\"elementor-widget-wrap elementor-element-populated\">\n\t\t\t\t\t\t\t\t<div class=\"elementor-element elementor-element-6631de3 align-left elementor-widget elementor-widget-mae-headings\" data-id=\"6631de3\" data-element_type=\"widget\" data-widget_type=\"mae-headings.default\">\n\t\t\t\t<div class=\"elementor-widget-container\">\n\t\t\t\t\t<div class=\"master-heading\">\n\t        \t            <div class=\"pre-heading\">Bursa Zemin Teknolojileri<\/div>\n\t        \n\t        \t        <h2 class=\"main-heading\">2007 y\u0131l\u0131ndan beri i\u015fimizi geli\u015ftirmeye ve g\u00fc\u00e7lenmeye devam ediyoruz.<\/h2>\n\t        \n\t        \n\t        \t            <div class=\"sub-heading\">G\u00fcc\u00fcm\u00fcz ve kaliteli hizmetimiz b\u00f6lgemizdeki bir \u00e7ok m\u00fc\u015fteriyi mutlu etti, sa\u011flam zeminler ve g\u00fc\u00e7l\u00fc yar\u0131nlar i\u00e7in \u00e7al\u0131\u015fmaktan gurur duyuyoruz.<\/div>\n\t        \t    <\/div>\n\t    \t\t<\/div>\n\t\t\t\t<\/div>\n\t\t\t\t\t<\/div>\n\t\t<\/div>\n\t\t\t\t<div class=\"elementor-column elementor-col-50 elementor-inner-column elementor-element elementor-element-90bfa4a\" data-id=\"90bfa4a\" data-element_type=\"column\">\n\t\t\t<div class=\"elementor-widget-wrap elementor-element-populated\">\n\t\t\t\t\t\t\t\t<div class=\"elementor-element elementor-element-608cbf2 elementor-widget elementor-widget-mae-fancy-image\" data-id=\"608cbf2\" data-element_type=\"widget\" data-widget_type=\"mae-fancy-image.default\">\n\t\t\t\t<div class=\"elementor-widget-container\">\n\t\t\t\n\t\t\t<div class=\"master-fancy-image reveal lr \" data-in-viewport=\"true\">\n\t\t\t\t<figure>\n\t\t\t\t\t<img loading=\"lazy\" decoding=\"async\" width=\"571\" height=\"601\" src=\"https:\/\/bursazeminteknolojileri.com\/wp-content\/uploads\/2022\/10\/kurumsal3-100.jpg\" class=\"attachment-full size-full\" alt=\"\" srcset=\"https:\/\/bursazeminteknolojileri.com\/wp-content\/uploads\/2022\/10\/kurumsal3-100.jpg 571w, https:\/\/bursazeminteknolojileri.com\/wp-content\/uploads\/2022\/10\/kurumsal3-100-285x300.jpg 285w\" sizes=\"auto, (max-width: 571px) 100vw, 571px\" \/>\t\t\t\t<\/figure>\n\n\t\t        \t\t\t<\/div>\n\n\t\t\t\t<\/div>\n\t\t\t\t<\/div>\n\t\t\t\t\t<\/div>\n\t\t<\/div>\n\t\t\t\t\t\t\t<\/div>\n\t\t<\/section>\n\t\t\t\t\t<\/div>\n\t\t<\/div>\n\t\t\t\t\t\t\t<\/div>\n\t\t<\/section>\n\t\t\t\t<section class=\"elementor-section elementor-top-section elementor-element elementor-element-3db421c elementor-section-boxed elementor-section-height-default elementor-section-height-default\" data-id=\"3db421c\" data-element_type=\"section\">\n\t\t\t\t\t\t<div class=\"elementor-container elementor-column-gap-default\">\n\t\t\t\t\t<div class=\"elementor-column elementor-col-100 elementor-top-column elementor-element elementor-element-86adc54\" data-id=\"86adc54\" data-element_type=\"column\">\n\t\t\t<div class=\"elementor-widget-wrap elementor-element-populated\">\n\t\t\t\t\t\t\t\t<div class=\"elementor-element elementor-element-1f2ca9b elementor-widget elementor-widget-spacer\" data-id=\"1f2ca9b\" data-element_type=\"widget\" data-widget_type=\"spacer.default\">\n\t\t\t\t<div class=\"elementor-widget-container\">\n\t\t\t\t\t<div class=\"elementor-spacer\">\n\t\t\t<div class=\"elementor-spacer-inner\"><\/div>\n\t\t<\/div>\n\t\t\t\t<\/div>\n\t\t\t\t<\/div>\n\t\t\t\t<section class=\"elementor-section elementor-inner-section elementor-element elementor-element-d6539a7 elementor-section-boxed elementor-section-height-default elementor-section-height-default\" data-id=\"d6539a7\" data-element_type=\"section\">\n\t\t\t\t\t\t<div class=\"elementor-container elementor-column-gap-default\">\n\t\t\t\t\t<div class=\"elementor-column elementor-col-25 elementor-inner-column elementor-element elementor-element-2f1d5d2\" data-id=\"2f1d5d2\" data-element_type=\"column\">\n\t\t\t<div class=\"elementor-widget-wrap elementor-element-populated\">\n\t\t\t\t\t\t\t\t<div class=\"elementor-element elementor-element-34045f9 elementor-widget elementor-widget-mae-counter\" data-id=\"34045f9\" data-element_type=\"widget\" data-widget_type=\"mae-counter.default\">\n\t\t\t\t<div class=\"elementor-widget-container\">\n\t\t\t\t\t\t\t\t<div class=\"master-counter align-center\">\n\t\t\t\t<div class=\"inner\">\n\t\t\t        \n\t\t\t\t    \t\t\t        \n\n\t\t\t        <div class=\"number-wrap\">\n\t\t\t\t        <span class=\"number\" data-to=\"397\" data-time= \"2000\"><\/span><span><\/span>\n\t\t\t        <\/div>\n\t\t\t    <\/div>\n\t\t\t    <h4 class=\"title\">Tamamlanan Proje<\/h4>\n\t\t    <\/div>\n\t\t\t    \t\t<\/div>\n\t\t\t\t<\/div>\n\t\t\t\t\t<\/div>\n\t\t<\/div>\n\t\t\t\t<div class=\"elementor-column elementor-col-25 elementor-inner-column elementor-element elementor-element-899c9f2\" data-id=\"899c9f2\" data-element_type=\"column\">\n\t\t\t<div class=\"elementor-widget-wrap elementor-element-populated\">\n\t\t\t\t\t\t\t\t<div class=\"elementor-element elementor-element-f1c630f elementor-widget elementor-widget-mae-counter\" data-id=\"f1c630f\" data-element_type=\"widget\" data-widget_type=\"mae-counter.default\">\n\t\t\t\t<div class=\"elementor-widget-container\">\n\t\t\t\t\t\t\t\t<div class=\"master-counter align-center\">\n\t\t\t\t<div class=\"inner\">\n\t\t\t        \n\t\t\t\t    \t\t\t        \n\n\t\t\t        <div class=\"number-wrap\">\n\t\t\t\t        <span class=\"number\" data-to=\"28\" data-time= \"2000\"><\/span><span><\/span>\n\t\t\t        <\/div>\n\t\t\t    <\/div>\n\t\t\t    <h4 class=\"title\">\u00c7al\u0131\u015fanlar<\/h4>\n\t\t    <\/div>\n\t\t\t    \t\t<\/div>\n\t\t\t\t<\/div>\n\t\t\t\t\t<\/div>\n\t\t<\/div>\n\t\t\t\t<div class=\"elementor-column elementor-col-25 elementor-inner-column elementor-element elementor-element-82c0a4c\" data-id=\"82c0a4c\" data-element_type=\"column\">\n\t\t\t<div class=\"elementor-widget-wrap elementor-element-populated\">\n\t\t\t\t\t\t\t\t<div class=\"elementor-element elementor-element-6832ada elementor-widget elementor-widget-mae-counter\" data-id=\"6832ada\" data-element_type=\"widget\" data-widget_type=\"mae-counter.default\">\n\t\t\t\t<div class=\"elementor-widget-container\">\n\t\t\t\t\t\t\t\t<div class=\"master-counter align-center\">\n\t\t\t\t<div class=\"inner\">\n\t\t\t        \n\t\t\t\t    \t\t\t        \n\n\t\t\t        <div class=\"number-wrap\">\n\t\t\t\t        <span class=\"number\" data-to=\"1563\" data-time= \"2000\"><\/span><span><\/span>\n\t\t\t        <\/div>\n\t\t\t    <\/div>\n\t\t\t    <h4 class=\"title\">Zemin \u0130yile\u015ftirme<\/h4>\n\t\t    <\/div>\n\t\t\t    \t\t<\/div>\n\t\t\t\t<\/div>\n\t\t\t\t\t<\/div>\n\t\t<\/div>\n\t\t\t\t<div class=\"elementor-column elementor-col-25 elementor-inner-column elementor-element elementor-element-7fe4e4f\" data-id=\"7fe4e4f\" data-element_type=\"column\">\n\t\t\t<div class=\"elementor-widget-wrap elementor-element-populated\">\n\t\t\t\t\t\t\t\t<div class=\"elementor-element elementor-element-83c9b0d elementor-widget elementor-widget-mae-counter\" data-id=\"83c9b0d\" data-element_type=\"widget\" data-widget_type=\"mae-counter.default\">\n\t\t\t\t<div class=\"elementor-widget-container\">\n\t\t\t\t\t\t\t\t<div class=\"master-counter align-center\">\n\t\t\t\t<div class=\"inner\">\n\t\t\t        \n\t\t\t\t    \t\t\t        \n\n\t\t\t        <div class=\"number-wrap\">\n\t\t\t\t        <span class=\"number\" data-to=\"16\" data-time= \"2000\"><\/span><span><\/span>\n\t\t\t        <\/div>\n\t\t\t    <\/div>\n\t\t\t    <h4 class=\"title\">Farkl\u0131 \u015eehir<\/h4>\n\t\t    <\/div>\n\t\t\t    \t\t<\/div>\n\t\t\t\t<\/div>\n\t\t\t\t\t<\/div>\n\t\t<\/div>\n\t\t\t\t\t\t\t<\/div>\n\t\t<\/section>\n\t\t\t\t\t<\/div>\n\t\t<\/div>\n\t\t\t\t\t\t\t<\/div>\n\t\t<\/section>\n\t\t\t\t<section class=\"elementor-section elementor-top-section elementor-element elementor-element-addbb2c elementor-section-boxed elementor-section-height-default elementor-section-height-default\" data-id=\"addbb2c\" data-element_type=\"section\">\n\t\t\t\t\t\t<div class=\"elementor-container elementor-column-gap-default\">\n\t\t\t\t\t<div class=\"elementor-column elementor-col-100 elementor-top-column elementor-element elementor-element-9986d9c\" data-id=\"9986d9c\" data-element_type=\"column\">\n\t\t\t<div class=\"elementor-widget-wrap elementor-element-populated\">\n\t\t\t\t\t\t\t\t<div class=\"elementor-element elementor-element-bda0d01 elementor-widget elementor-widget-spacer\" data-id=\"bda0d01\" data-element_type=\"widget\" data-widget_type=\"spacer.default\">\n\t\t\t\t<div class=\"elementor-widget-container\">\n\t\t\t\t\t<div class=\"elementor-spacer\">\n\t\t\t<div class=\"elementor-spacer-inner\"><\/div>\n\t\t<\/div>\n\t\t\t\t<\/div>\n\t\t\t\t<\/div>\n\t\t\t\t\t<\/div>\n\t\t<\/div>\n\t\t\t\t\t\t\t<\/div>\n\t\t<\/section>\n\t\t\t\t<section class=\"elementor-section elementor-top-section elementor-element elementor-element-81373d3 container-width-1500 elementor-section-boxed elementor-section-height-default elementor-section-height-default\" data-id=\"81373d3\" data-element_type=\"section\" data-settings=\"{&quot;background_background&quot;:&quot;gradient&quot;}\">\n\t\t\t\t\t\t<div class=\"elementor-container elementor-column-gap-default\">\n\t\t\t\t\t<div class=\"elementor-column elementor-col-100 elementor-top-column elementor-element elementor-element-555c404\" data-id=\"555c404\" data-element_type=\"column\">\n\t\t\t<div class=\"elementor-widget-wrap elementor-element-populated\">\n\t\t\t\t\t\t\t\t<div class=\"elementor-element elementor-element-6d08a9a elementor-widget elementor-widget-spacer\" data-id=\"6d08a9a\" data-element_type=\"widget\" data-widget_type=\"spacer.default\">\n\t\t\t\t<div class=\"elementor-widget-container\">\n\t\t\t\t\t<div class=\"elementor-spacer\">\n\t\t\t<div class=\"elementor-spacer-inner\"><\/div>\n\t\t<\/div>\n\t\t\t\t<\/div>\n\t\t\t\t<\/div>\n\t\t\t\t<div class=\"elementor-element elementor-element-bdb6c45 align-center elementor-widget elementor-widget-mae-headings\" data-id=\"bdb6c45\" data-element_type=\"widget\" data-widget_type=\"mae-headings.default\">\n\t\t\t\t<div class=\"elementor-widget-container\">\n\t\t\t\t\t<div class=\"master-heading\">\n\t        \n\t        \t        <h2 class=\"main-heading\">Bizimle \u00c7al\u0131\u015fmak m\u0131 \u0130stiyorsun?<\/h2>\n\t        \n\t        \n\t        \t            <div class=\"sub-heading\">D\u00fcnyay\u0131 yenileyecek ve de\u011fi\u015ftirecek yetenekler ar\u0131yoruz!<\/div>\n\t        \t    <\/div>\n\t    \t\t<\/div>\n\t\t\t\t<\/div>\n\t\t\t\t<div class=\"elementor-element elementor-element-8b16b13 elementor-widget elementor-widget-spacer\" data-id=\"8b16b13\" data-element_type=\"widget\" data-widget_type=\"spacer.default\">\n\t\t\t\t<div class=\"elementor-widget-container\">\n\t\t\t\t\t<div class=\"elementor-spacer\">\n\t\t\t<div class=\"elementor-spacer-inner\"><\/div>\n\t\t<\/div>\n\t\t\t\t<\/div>\n\t\t\t\t<\/div>\n\t\t\t\t<div class=\"elementor-element elementor-element-a953293 align-center elementor-widget elementor-widget-mae-button\" data-id=\"a953293\" data-element_type=\"widget\" data-widget_type=\"mae-button.default\">\n\t\t\t\t<div class=\"elementor-widget-container\">\n\t\t\t\n        <a class=\"master-button btn-accent icon-none big\" href=\"https:\/\/ninzio.com\/quper\/contact\/\" >\n                        <span>\u0130\u015f Teklifleri<\/span>\n                    <\/a>\n\n        \t\t<\/div>\n\t\t\t\t<\/div>\n\t\t\t\t<div class=\"elementor-element elementor-element-aa27805 elementor-widget elementor-widget-spacer\" data-id=\"aa27805\" data-element_type=\"widget\" data-widget_type=\"spacer.default\">\n\t\t\t\t<div class=\"elementor-widget-container\">\n\t\t\t\t\t<div class=\"elementor-spacer\">\n\t\t\t<div class=\"elementor-spacer-inner\"><\/div>\n\t\t<\/div>\n\t\t\t\t<\/div>\n\t\t\t\t<\/div>\n\t\t\t\t\t<\/div>\n\t\t<\/div>\n\t\t\t\t\t\t\t<\/div>\n\t\t<\/section>\n\t\t\t\t<section class=\"elementor-section elementor-top-section elementor-element elementor-element-fed4b8c elementor-section-boxed elementor-section-height-default elementor-section-height-default\" data-id=\"fed4b8c\" data-element_type=\"section\">\n\t\t\t\t\t\t<div class=\"elementor-container elementor-column-gap-default\">\n\t\t\t\t\t<div class=\"elementor-column elementor-col-100 elementor-top-column elementor-element elementor-element-f134206\" data-id=\"f134206\" data-element_type=\"column\">\n\t\t\t<div class=\"elementor-widget-wrap elementor-element-populated\">\n\t\t\t\t\t\t\t\t<div class=\"elementor-element elementor-element-278a892 elementor-widget elementor-widget-spacer\" data-id=\"278a892\" data-element_type=\"widget\" data-widget_type=\"spacer.default\">\n\t\t\t\t<div class=\"elementor-widget-container\">\n\t\t\t\t\t<div class=\"elementor-spacer\">\n\t\t\t<div class=\"elementor-spacer-inner\"><\/div>\n\t\t<\/div>\n\t\t\t\t<\/div>\n\t\t\t\t<\/div>\n\t\t\t\t\t<\/div>\n\t\t<\/div>\n\t\t\t\t\t\t\t<\/div>\n\t\t<\/section>\n\t\t\t\t\t\t\t<\/div>\n\t\t","protected":false},"excerpt":{"rendered":"<p>Kurumsal 2007 y\u0131l\u0131ndan beri \u0130n\u015faat sekt\u00f6r\u00fcne jeolojik ve jeoteknik alanlar\u0131nda hizmet veren firmam\u0131z, g\u00fc\u00e7l\u00fc ekipman ve teknik kadrosuyla \u201czemin ve temel m\u00fchendisli\u011fi problemlerine\u201d \u00e7\u00f6z\u00fcm amac\u0131yla bilgi ve tecr\u00fcbesini birle\u015ftirerek zemin \u0131slah\u0131, derin kaz\u0131-iksa, kaz\u0131kl\u0131 temeller gibi zemin ve temel m\u00fchendisli\u011fi alan\u0131nda \u00e7ok say\u0131da proje ve imalat\u0131 ba\u015far\u0131yla hayata ge\u00e7irmi\u015ftir. Vizyonumuz<\/p>\n","protected":false},"author":1,"featured_media":0,"parent":0,"menu_order":0,"comment_status":"closed","ping_status":"closed","template":"","meta":{"footnotes":""},"class_list":["post-3999","page","type-page","status-publish","hentry"],"_links":{"self":[{"href":"https:\/\/bursazeminteknolojileri.com\/index.php\/wp-json\/wp\/v2\/pages\/3999","targetHints":{"allow":["GET"]}}],"collection":[{"href":"https:\/\/bursazeminteknolojileri.com\/index.php\/wp-json\/wp\/v2\/pages"}],"about":[{"href":"https:\/\/bursazeminteknolojileri.com\/index.php\/wp-json\/wp\/v2\/types\/page"}],"author":[{"embeddable":true,"href":"https:\/\/bursazeminteknolojileri.com\/index.php\/wp-json\/wp\/v2\/users\/1"}],"replies":[{"embeddable":true,"href":"https:\/\/bursazeminteknolojileri.com\/index.php\/wp-json\/wp\/v2\/comments?post=3999"}],"version-history":[{"count":47,"href":"https:\/\/bursazeminteknolojileri.com\/index.php\/wp-json\/wp\/v2\/pages\/3999\/revisions"}],"predecessor-version":[{"id":5441,"href":"https:\/\/bursazeminteknolojileri.com\/index.php\/wp-json\/wp\/v2\/pages\/3999\/revisions\/5441"}],"wp:attachment":[{"href":"https:\/\/bursazeminteknolojileri.com\/index.php\/wp-json\/wp\/v2\/media?parent=3999"}],"curies":[{"name":"wp","href":"https:\/\/api.w.org\/{rel}","templated":true}]}}